{"id":2359,"date":"2023-11-15T13:01:22","date_gmt":"2023-11-15T16:01:22","guid":{"rendered":"https:\/\/larejardim.com\/?page_id=2359"},"modified":"2026-03-17T00:34:57","modified_gmt":"2026-03-17T03:34:57","slug":"quem-somos","status":"publish","type":"page","link":"https:\/\/larejardim.com\/index.php\/quem-somos\/","title":{"rendered":"Quem somos"},"content":{"rendered":"\r\n<h3 class=\"ds-markdown-paragraph\"><strong>Nosso espa\u00e7o<\/strong><\/h3>\r\n<p class=\"ds-markdown-paragraph\">O <strong>Lar e Jardim<\/strong>\u00a0\u00e9 um blog brasileiro dedicado a inspirar e informar sobre tudo que envolve o cuidado com a casa e com as plantas. Acreditamos que um ambiente harmonioso e cheio de verde transforma vidas.<\/p>\r\n<p class=\"ds-markdown-paragraph\">Nosso objetivo \u00e9 oferecer conte\u00fado original, \u00fatil e de qualidade sobre:<\/p>\r\n<ul>\r\n<li>\r\n<p class=\"ds-markdown-paragraph\">Jardinagem e cuidados com plantas (inclusive as famosas &#8220;plantas da NASA&#8221;!)<\/p>\r\n<\/li>\r\n<li>\r\n<p class=\"ds-markdown-paragraph\">Decora\u00e7\u00e3o de interiores e exteriores<\/p>\r\n<\/li>\r\n<li>\r\n<p class=\"ds-markdown-paragraph\">Arquitetura residencial e tend\u00eancias<\/p>\r\n<\/li>\r\n<li>\r\n<p class=\"ds-markdown-paragraph\">Sustentabilidade e bem-estar no lar<\/p>\r\n<\/li>\r\n<\/ul>\r\n<p class=\"ds-markdown-paragraph\">Criamos este espa\u00e7o para ajudar voc\u00ea a cultivar n\u00e3o apenas plantas, mas tamb\u00e9m um estilo de vida mais conectado com a natureza, independentemente do tamanho do seu lar.<\/p>\r\n<p class=\"ds-markdown-paragraph\">Estamos no\u00a0<strong>Brasil<\/strong>\u00a0e prontos para receber suas d\u00favidas e sugest\u00f5es pelo e-mail:\u00a0<code>contato@larejardim.com<\/code><\/p>\r\n<p class=\"ds-markdown-paragraph\"><strong>Obrigado pela visita!<\/strong><\/p>\r\n","protected":false},"excerpt":{"rendered":"<p>Nosso espa\u00e7o O Lar e Jardim\u00a0\u00e9 um blog brasileiro dedicado a inspirar e informar sobre tudo que envolve o cuidado com a casa e com as plantas. Acreditamos que um ambiente harmonioso e cheio de verde transforma vidas. Nosso objetivo \u00e9 oferecer conte\u00fado original, \u00fatil e de qualidade sobre: Jardinagem e cuidados com plantas (inclusive&#8230;<\/p>\n<p class=\"more-link-wrap\"><a href=\"https:\/\/larejardim.com\/index.php\/quem-somos\/\" class=\"more-link\">Read More<span class=\"screen-reader-text\"> &ldquo;Quem somos&rdquo;<\/span> &raquo;<\/a><\/p>\n","protected":false},"author":1,"featured_media":0,"parent":0,"menu_order":0,"comment_status":"closed","ping_status":"closed","template":"","meta":{"footnotes":""},"class_list":["post-2359","page","type-page","status-publish","hentry"],"_links":{"self":[{"href":"https:\/\/larejardim.com\/index.php\/wp-json\/wp\/v2\/pages\/2359","targetHints":{"allow":["GET"]}}],"collection":[{"href":"https:\/\/larejardim.com\/index.php\/wp-json\/wp\/v2\/pages"}],"about":[{"href":"https:\/\/larejardim.com\/index.php\/wp-json\/wp\/v2\/types\/page"}],"author":[{"embeddable":true,"href":"https:\/\/larejardim.com\/index.php\/wp-json\/wp\/v2\/users\/1"}],"replies":[{"embeddable":true,"href":"https:\/\/larejardim.com\/index.php\/wp-json\/wp\/v2\/comments?post=2359"}],"version-history":[{"count":4,"href":"https:\/\/larejardim.com\/index.php\/wp-json\/wp\/v2\/pages\/2359\/revisions"}],"predecessor-version":[{"id":63657,"href":"https:\/\/larejardim.com\/index.php\/wp-json\/wp\/v2\/pages\/2359\/revisions\/63657"}],"wp:attachment":[{"href":"https:\/\/larejardim.com\/index.php\/wp-json\/wp\/v2\/media?parent=2359"}],"curies":[{"name":"wp","href":"https:\/\/api.w.org\/{rel}","templated":true}]}}