{"id":2,"date":"2023-11-07T11:28:14","date_gmt":"2023-11-07T14:28:14","guid":{"rendered":"http:\/\/larejardim.com\/?page_id=2"},"modified":"2026-03-17T01:03:57","modified_gmt":"2026-03-17T04:03:57","slug":"contato","status":"publish","type":"page","link":"https:\/\/larejardim.com\/index.php\/contato\/","title":{"rendered":"Contato"},"content":{"rendered":"\r\n<div class=\"wp-block-jetpack-contact-form\" style=\"padding: 16px;\">\r\n<h3 class=\"ds-markdown-paragraph\"><span dir=\"auto\" style=\"vertical-align: inherit;\"><span dir=\"auto\" style=\"vertical-align: inherit;\">Fale conosco<\/span><\/span><\/h3>\r\n<p class=\"ds-markdown-paragraph\"><span dir=\"auto\" style=\"vertical-align: inherit;\"><span dir=\"auto\" style=\"vertical-align: inherit;\">Adoramos trocar ideias sobre plantas, decora\u00e7\u00e3o e tudo que torna um lar mais especial. Se voc\u00ea tem uma d\u00favida, sugest\u00e3o de pauta ou quer compartilhar a experi\u00eancia do seu cantinho verde, escreva para a gente!<\/span><\/span><\/p>\r\n<p class=\"ds-markdown-paragraph\"><strong><span dir=\"auto\" style=\"vertical-align: inherit;\"><span dir=\"auto\" style=\"vertical-align: inherit;\">E-mail:<\/span><\/span><\/strong>\u00a0<code>contato@larejardim.com<\/code><\/p>\r\n<p class=\"ds-markdown-paragraph\"><em><span dir=\"auto\" style=\"vertical-align: inherit;\"><span dir=\"auto\" style=\"vertical-align: inherit;\">Respondemos de cora\u00e7\u00e3o e com dicas cheias de verde, direto do Brasil para voc\u00ea.<\/span><\/span><\/em><\/p>\r\n\r\n\r\n\r\n\r\n\r\n\r\n<\/div>\r\n\r\n\r\n\r\n\r\n","protected":false},"excerpt":{"rendered":"","protected":false},"author":1,"featured_media":0,"parent":0,"menu_order":0,"comment_status":"closed","ping_status":"open","template":"","meta":{"footnotes":""},"class_list":["post-2","page","type-page","status-publish","hentry"],"_links":{"self":[{"href":"https:\/\/larejardim.com\/index.php\/wp-json\/wp\/v2\/pages\/2","targetHints":{"allow":["GET"]}}],"collection":[{"href":"https:\/\/larejardim.com\/index.php\/wp-json\/wp\/v2\/pages"}],"about":[{"href":"https:\/\/larejardim.com\/index.php\/wp-json\/wp\/v2\/types\/page"}],"author":[{"embeddable":true,"href":"https:\/\/larejardim.com\/index.php\/wp-json\/wp\/v2\/users\/1"}],"replies":[{"embeddable":true,"href":"https:\/\/larejardim.com\/index.php\/wp-json\/wp\/v2\/comments?post=2"}],"version-history":[{"count":7,"href":"https:\/\/larejardim.com\/index.php\/wp-json\/wp\/v2\/pages\/2\/revisions"}],"predecessor-version":[{"id":63660,"href":"https:\/\/larejardim.com\/index.php\/wp-json\/wp\/v2\/pages\/2\/revisions\/63660"}],"wp:attachment":[{"href":"https:\/\/larejardim.com\/index.php\/wp-json\/wp\/v2\/media?parent=2"}],"curies":[{"name":"wp","href":"https:\/\/api.w.org\/{rel}","templated":true}]}}